{"id":74,"date":"2020-04-14T19:12:01","date_gmt":"2020-04-14T17:12:01","guid":{"rendered":"https:\/\/jupiterx.artbees.net\/musician\/?page_id=74"},"modified":"2022-01-16T09:41:46","modified_gmt":"2022-01-16T08:41:46","slug":"atelier_presentation","status":"publish","type":"page","link":"https:\/\/6t-theatre.org\/index.php\/atelier_presentation\/","title":{"rendered":"Pr\u00e9sentation des Ateliers"},"content":{"rendered":"\t\t<div data-elementor-type=\"wp-page\" data-elementor-id=\"74\" class=\"elementor elementor-74\">\n\t\t\t\t\t\t<section class=\"elementor-section elementor-top-section elementor-element elementor-element-f3c3d13 elementor-section-boxed elementor-section-height-default elementor-section-height-default\" data-id=\"f3c3d13\" data-element_type=\"section\" data-e-type=\"section\" data-settings=\"{&quot;jet_parallax_layout_list&quot;:[{&quot;jet_parallax_layout_image&quot;:{&quot;url&quot;:&quot;&quot;,&quot;id&quot;:&quot;&quot;,&quot;size&quot;:&quot;&quot;},&quot;_id&quot;:&quot;da5ba88&quot;,&quot;jet_parallax_layout_speed&quot;:{&quot;unit&quot;:&quot;%&quot;,&quot;size&quot;:&quot;50&quot;,&quot;sizes&quot;:[]},&quot;jet_parallax_layout_bg_x&quot;:&quot;50&quot;,&quot;jet_parallax_layout_bg_y&quot;:&quot;50&quot;,&quot;jet_parallax_layout_image_tablet&quot;:{&quot;url&quot;:&quot;&quot;,&quot;id&quot;:&quot;&quot;,&quot;size&quot;:&quot;&quot;},&quot;jet_parallax_layout_image_mobile&quot;:{&quot;url&quot;:&quot;&quot;,&quot;id&quot;:&quot;&quot;,&quot;size&quot;:&quot;&quot;},&quot;jet_parallax_layout_type&quot;:&quot;scroll&quot;,&quot;jet_parallax_layout_direction&quot;:null,&quot;jet_parallax_layout_fx_direction&quot;:null,&quot;jet_parallax_layout_z_index&quot;:&quot;&quot;,&quot;jet_parallax_layout_bg_x_tablet&quot;:&quot;&quot;,&quot;jet_parallax_layout_bg_x_mobile&quot;:&quot;&quot;,&quot;jet_parallax_layout_bg_y_tablet&quot;:&quot;&quot;,&quot;jet_parallax_layout_bg_y_mobile&quot;:&quot;&quot;,&quot;jet_parallax_layout_bg_size&quot;:&quot;auto&quot;,&quot;jet_parallax_layout_bg_size_tablet&quot;:&quot;&quot;,&quot;jet_parallax_layout_bg_size_mobile&quot;:&quot;&quot;,&quot;jet_parallax_layout_animation_prop&quot;:&quot;transform&quot;,&quot;jet_parallax_layout_on&quot;:[&quot;desktop&quot;,&quot;tablet&quot;]}],&quot;background_background&quot;:&quot;classic&quot;}\">\n\t\t\t\t\t\t<div class=\"elementor-container elementor-column-gap-no\">\n\t\t\t\t\t<div class=\"elementor-column elementor-col-100 elementor-top-column elementor-element elementor-element-d58dcbf\" data-id=\"d58dcbf\" data-element_type=\"column\" data-e-type=\"column\">\n\t\t\t<div class=\"elementor-widget-wrap elementor-element-populated\">\n\t\t\t\t\t\t<div class=\"elementor-element elementor-element-1bbfafc elementor-widget elementor-widget-heading\" data-id=\"1bbfafc\" data-element_type=\"widget\" data-e-type=\"widget\" data-widget_type=\"heading.default\">\n\t\t\t\t<div class=\"elementor-widget-container\">\n\t\t\t\t\t<h1 class=\"elementor-heading-title elementor-size-default\">Ateliers<\/h1>\t\t\t\t<\/div>\n\t\t\t\t<\/div>\n\t\t\t\t<div class=\"elementor-element elementor-element-f2ff726 elementor-widget elementor-widget-heading\" data-id=\"f2ff726\" data-element_type=\"widget\" data-e-type=\"widget\" data-widget_type=\"heading.default\">\n\t\t\t\t<div class=\"elementor-widget-container\">\n\t\t\t\t\t<p class=\"elementor-heading-title elementor-size-default\">Historique des Ateliers 6t-th\u00e9\u00e2tre<\/p>\t\t\t\t<\/div>\n\t\t\t\t<\/div>\n\t\t\t\t\t<\/div>\n\t\t<\/div>\n\t\t\t\t\t<\/div>\n\t\t<\/section>\n\t\t\t\t<section class=\"elementor-section elementor-top-section elementor-element elementor-element-1b624a95 elementor-section-full_width elementor-section-content-middle elementor-section-height-default elementor-section-height-default\" data-id=\"1b624a95\" data-element_type=\"section\" data-e-type=\"section\" data-settings=\"{&quot;background_background&quot;:&quot;gradient&quot;,&quot;jet_parallax_layout_list&quot;:[{&quot;_id&quot;:&quot;a597ad7&quot;,&quot;jet_parallax_layout_image&quot;:{&quot;url&quot;:&quot;&quot;,&quot;id&quot;:&quot;&quot;,&quot;size&quot;:&quot;&quot;},&quot;jet_parallax_layout_image_tablet&quot;:{&quot;url&quot;:&quot;&quot;,&quot;id&quot;:&quot;&quot;,&quot;size&quot;:&quot;&quot;},&quot;jet_parallax_layout_image_mobile&quot;:{&quot;url&quot;:&quot;&quot;,&quot;id&quot;:&quot;&quot;,&quot;size&quot;:&quot;&quot;},&quot;jet_parallax_layout_speed&quot;:{&quot;unit&quot;:&quot;%&quot;,&quot;size&quot;:50,&quot;sizes&quot;:[]},&quot;jet_parallax_layout_type&quot;:&quot;scroll&quot;,&quot;jet_parallax_layout_direction&quot;:null,&quot;jet_parallax_layout_fx_direction&quot;:null,&quot;jet_parallax_layout_z_index&quot;:&quot;&quot;,&quot;jet_parallax_layout_bg_x&quot;:50,&quot;jet_parallax_layout_bg_x_tablet&quot;:&quot;&quot;,&quot;jet_parallax_layout_bg_x_mobile&quot;:&quot;&quot;,&quot;jet_parallax_layout_bg_y&quot;:50,&quot;jet_parallax_layout_bg_y_tablet&quot;:&quot;&quot;,&quot;jet_parallax_layout_bg_y_mobile&quot;:&quot;&quot;,&quot;jet_parallax_layout_bg_size&quot;:&quot;auto&quot;,&quot;jet_parallax_layout_bg_size_tablet&quot;:&quot;&quot;,&quot;jet_parallax_layout_bg_size_mobile&quot;:&quot;&quot;,&quot;jet_parallax_layout_animation_prop&quot;:&quot;transform&quot;,&quot;jet_parallax_layout_on&quot;:[&quot;desktop&quot;,&quot;tablet&quot;]}]}\">\n\t\t\t\t\t\t<div class=\"elementor-container elementor-column-gap-no\">\n\t\t\t\t\t<div class=\"elementor-column elementor-col-50 elementor-top-column elementor-element elementor-element-1274762d\" data-id=\"1274762d\" data-element_type=\"column\" data-e-type=\"column\" data-settings=\"{&quot;background_background&quot;:&quot;classic&quot;}\">\n\t\t\t<div class=\"elementor-widget-wrap elementor-element-populated\">\n\t\t\t\t\t<div class=\"elementor-background-overlay\"><\/div>\n\t\t\t\t\t\t<div class=\"elementor-element elementor-element-5c539557 elementor-widget elementor-widget-heading\" data-id=\"5c539557\" data-element_type=\"widget\" data-e-type=\"widget\" data-widget_type=\"heading.default\">\n\t\t\t\t<div class=\"elementor-widget-container\">\n\t\t\t\t\t<h4 class=\"elementor-heading-title elementor-size-default\">Des Ateliers \u00e0 g\u00e9om\u00e9trie variable<\/h4>\t\t\t\t<\/div>\n\t\t\t\t<\/div>\n\t\t\t\t\t<\/div>\n\t\t<\/div>\n\t\t\t\t<div class=\"elementor-column elementor-col-50 elementor-top-column elementor-element elementor-element-55db96ee\" data-id=\"55db96ee\" data-element_type=\"column\" data-e-type=\"column\">\n\t\t\t<div class=\"elementor-widget-wrap elementor-element-populated\">\n\t\t\t\t\t\t<div class=\"elementor-element elementor-element-6f448db elementor-widget elementor-widget-text-editor\" data-id=\"6f448db\" data-element_type=\"widget\" data-e-type=\"widget\" data-widget_type=\"text-editor.default\">\n\t\t\t\t<div class=\"elementor-widget-container\">\n\t\t\t\t\t\t\t\t\t<p>A travers les ateliers, les com\u00e9dien-ne-es d\u00e9barquent cette fois-ci pour r\u00e9veiller le c\u00f4t\u00e9 artistique qui repose en chacun et chacune des participant-e-s ! La magie du th\u00e9\u00e2tre op\u00e8re, m\u00eame les personnes les plus timides se prennent au jeu ! On se lib\u00e8re de nos peurs, on instaure un climat de confiance et on se laisse surprendre \u2026 C\u2019est ainsi que les consciences se r\u00e9veillent, nous montrant que tout est possible au th\u00e9\u00e2tre et \u2026 dans la vie !<\/p>\t\t\t\t\t\t\t\t<\/div>\n\t\t\t\t<\/div>\n\t\t\t\t<div class=\"elementor-element elementor-element-42878d95 elementor-widget elementor-widget-text-editor\" data-id=\"42878d95\" data-element_type=\"widget\" data-e-type=\"widget\" data-widget_type=\"text-editor.default\">\n\t\t\t\t<div class=\"elementor-widget-container\">\n\t\t\t\t\t\t\t\t\t<p>Choix de th\u00e8mes abord\u00e9s : l\u2019\u00e9galit\u00e9 hommes-femmes, la parentalit\u00e9, la citoyennet\u00e9, la sant\u00e9, et des ateliers sur mesure en fonction de la demande<\/p>\t\t\t\t\t\t\t\t<\/div>\n\t\t\t\t<\/div>\n\t\t\t\t\t<\/div>\n\t\t<\/div>\n\t\t\t\t\t<\/div>\n\t\t<\/section>\n\t\t\t\t<section class=\"elementor-section elementor-top-section elementor-element elementor-element-3ad51cd3 elementor-section-content-middle elementor-section-boxed elementor-section-height-default elementor-section-height-default\" data-id=\"3ad51cd3\" data-element_type=\"section\" data-e-type=\"section\" data-settings=\"{&quot;background_background&quot;:&quot;gradient&quot;,&quot;jet_parallax_layout_list&quot;:[{&quot;_id&quot;:&quot;0cd6608&quot;,&quot;jet_parallax_layout_image&quot;:{&quot;url&quot;:&quot;&quot;,&quot;id&quot;:&quot;&quot;,&quot;size&quot;:&quot;&quot;},&quot;jet_parallax_layout_image_tablet&quot;:{&quot;url&quot;:&quot;&quot;,&quot;id&quot;:&quot;&quot;,&quot;size&quot;:&quot;&quot;},&quot;jet_parallax_layout_image_mobile&quot;:{&quot;url&quot;:&quot;&quot;,&quot;id&quot;:&quot;&quot;,&quot;size&quot;:&quot;&quot;},&quot;jet_parallax_layout_speed&quot;:{&quot;unit&quot;:&quot;%&quot;,&quot;size&quot;:50,&quot;sizes&quot;:[]},&quot;jet_parallax_layout_type&quot;:&quot;scroll&quot;,&quot;jet_parallax_layout_direction&quot;:null,&quot;jet_parallax_layout_fx_direction&quot;:null,&quot;jet_parallax_layout_z_index&quot;:&quot;&quot;,&quot;jet_parallax_layout_bg_x&quot;:50,&quot;jet_parallax_layout_bg_x_tablet&quot;:&quot;&quot;,&quot;jet_parallax_layout_bg_x_mobile&quot;:&quot;&quot;,&quot;jet_parallax_layout_bg_y&quot;:50,&quot;jet_parallax_layout_bg_y_tablet&quot;:&quot;&quot;,&quot;jet_parallax_layout_bg_y_mobile&quot;:&quot;&quot;,&quot;jet_parallax_layout_bg_size&quot;:&quot;auto&quot;,&quot;jet_parallax_layout_bg_size_tablet&quot;:&quot;&quot;,&quot;jet_parallax_layout_bg_size_mobile&quot;:&quot;&quot;,&quot;jet_parallax_layout_animation_prop&quot;:&quot;transform&quot;,&quot;jet_parallax_layout_on&quot;:[&quot;desktop&quot;,&quot;tablet&quot;]}]}\">\n\t\t\t\t\t\t<div class=\"elementor-container elementor-column-gap-no\">\n\t\t\t\t\t<div class=\"elementor-column elementor-col-100 elementor-top-column elementor-element elementor-element-99003bd\" data-id=\"99003bd\" data-element_type=\"column\" data-e-type=\"column\">\n\t\t\t<div class=\"elementor-widget-wrap elementor-element-populated\">\n\t\t\t\t\t\t<div class=\"elementor-element elementor-element-280b7ff1 elementor-widget elementor-widget-heading\" data-id=\"280b7ff1\" data-element_type=\"widget\" data-e-type=\"widget\" data-widget_type=\"heading.default\">\n\t\t\t\t<div class=\"elementor-widget-container\">\n\t\t\t\t\t<h4 class=\"elementor-heading-title elementor-size-default\">Exemple d\u2019atelier : avec des \u00e9l\u00e8ves de lyc\u00e9e en stage \u00e0 l\u2019Ecole Polytechnique :<\/h4>\t\t\t\t<\/div>\n\t\t\t\t<\/div>\n\t\t\t\t<div class=\"elementor-element elementor-element-1f9cb09 elementor-widget-divider--view-line elementor-widget elementor-widget-divider\" data-id=\"1f9cb09\" data-element_type=\"widget\" data-e-type=\"widget\" data-widget_type=\"divider.default\">\n\t\t\t\t<div class=\"elementor-widget-container\">\n\t\t\t\t\t\t\t<div class=\"elementor-divider\">\n\t\t\t<span class=\"elementor-divider-separator\">\n\t\t\t\t\t\t<\/span>\n\t\t<\/div>\n\t\t\t\t\t\t<\/div>\n\t\t\t\t<\/div>\n\t\t\t\t<div class=\"elementor-element elementor-element-54d6c42a elementor-widget elementor-widget-text-editor\" data-id=\"54d6c42a\" data-element_type=\"widget\" data-e-type=\"widget\" data-widget_type=\"text-editor.default\">\n\t\t\t\t<div class=\"elementor-widget-container\">\n\t\t\t\t\t\t\t\t\tL&rsquo;Ecole Polytechnique nous avait contact\u00e9s pour participer en avril 2019 au stage d&rsquo;\u00e9galit\u00e9 des chances qu&rsquo;elle organise chaque ann\u00e9e \u00e0 l&rsquo;intention d&rsquo;un public de jeunes filles de Seconde venant de tout le pays, choisies sur le crit\u00e8re de leurs bons r\u00e9sultats en Math\u00e9matiques, et auxquelles il s&rsquo;agit de d\u00e9construire tous les pr\u00e9jug\u00e9s selon lesquels les Math\u00e9matiques ne sont pas faites pour elles, et de leur donner confiance pour faire leurs \u00e9tudes scientifiques, car il y a encore notamment trop peu d&rsquo;\u00e9l\u00e8ves filles \u00e0 l&rsquo;Ecole Polytechnique.\t\t\t\t\t\t\t\t<\/div>\n\t\t\t\t<\/div>\n\t\t\t\t<div class=\"elementor-element elementor-element-9c5448e elementor-widget elementor-widget-text-editor\" data-id=\"9c5448e\" data-element_type=\"widget\" data-e-type=\"widget\" data-widget_type=\"text-editor.default\">\n\t\t\t\t<div class=\"elementor-widget-container\">\n\t\t\t\t\t\t\t\t\tLe stage consistait le matin en des cours de Math\u00e9matiques donn\u00e9es par des \u00e9l\u00e8ves de l&rsquo;Ecole, l&rsquo;apr\u00e8s-midi en des cours de self-d\u00e9fense, et la soir\u00e9e en des veill\u00e9es originales. C&rsquo;est l&rsquo;une de ces veill\u00e9es que nous avons anim\u00e9e, en construisant avec ces jeunes filles une s\u00e9ance de th\u00e9\u00e2tre-forum sur les difficult\u00e9s qu&rsquo;elles pouvaient rencontrer dans leurs \u00e9tudes scientifiques du fait de leur genre.\t\t\t\t\t\t\t\t<\/div>\n\t\t\t\t<\/div>\n\t\t\t\t<div class=\"elementor-element elementor-element-b1cccfd elementor-widget elementor-widget-text-editor\" data-id=\"b1cccfd\" data-element_type=\"widget\" data-e-type=\"widget\" data-widget_type=\"text-editor.default\">\n\t\t\t\t<div class=\"elementor-widget-container\">\n\t\t\t\t\t\t\t\t\t<p>Apr\u00e8s des jeux interactifs de mise en confiance, nous les avons mises en petits groupes de 4 \u00e0 5 pour les laisser pr\u00e9parer pendant une petite heure des situations, en leur pr\u00e9cisant qu&rsquo;il fallait au moins un oppresseur, une opprim\u00e9e, un.e personnage t\u00e9moin et pivot, si possible un.e repr\u00e9sentant.e de l&rsquo;autorit\u00e9 (parent, professeur, institution) , et en venant les coacher et les accompagner dans leur travail de cr\u00e9ation. Puis pendant la deuxi\u00e8me heure nous avons \u00ab\u00a0fait forum\u00a0\u00bb tous.tes ensemble : c&rsquo;est-\u00e0-dire que tous les groupes ont jou\u00e9 devant les autres, et alternativement (nous \u00e9tions une animatrice et un animateur), nous invitions les autres membres du public \u00e0 trouver par le jeu des alternatives et des solutions aux situations probl\u00e9matiques que posaient chacune des sc\u00e8nes.<\/p>\t\t\t\t\t\t\t\t<\/div>\n\t\t\t\t<\/div>\n\t\t\t\t<div class=\"elementor-element elementor-element-ccfa161 elementor-widget elementor-widget-text-editor\" data-id=\"ccfa161\" data-element_type=\"widget\" data-e-type=\"widget\" data-widget_type=\"text-editor.default\">\n\t\t\t\t<div class=\"elementor-widget-container\">\n\t\t\t\t\t\t\t\t\tIl y a eu par exemple la situation d&rsquo;une famille o\u00f9 le p\u00e8re et le fr\u00e8re emp\u00eachaient la lyc\u00e9enne de travailler, avec un comportement \u00e9galement tr\u00e8s sexiste par rapport \u00e0 la m\u00e8re, une autre dans une situation de concours, o\u00f9 un candidat dans la salle d&rsquo;attente faisait expr\u00e8s de d\u00e9pr\u00e9cier une candidate potentiellement rivale.\t\t\t\t\t\t\t\t<\/div>\n\t\t\t\t<\/div>\n\t\t\t\t<div class=\"elementor-element elementor-element-260f87c elementor-widget elementor-widget-text-editor\" data-id=\"260f87c\" data-element_type=\"widget\" data-e-type=\"widget\" data-widget_type=\"text-editor.default\">\n\t\t\t\t<div class=\"elementor-widget-container\">\n\t\t\t\t\t\t\t\t\tA chaque fois le public trouvait des solutions pour am\u00e9liorer la situation (comme aller chercher un membre du jury dans le deuxi\u00e8me cas, ou que la m\u00e8re d\u00e9fende sa fille dans le premier&#8230;). Et les d\u00e9bats et les \u00e9changes ont \u00e9t\u00e9 particuli\u00e8rement riches et profonds, portant parfois sur les causes sociales qui cr\u00e9aient ces discriminations de genre. (Il avait m\u00eame \u00e9t\u00e9 int\u00e9ressant de constater que la partie du public la plus r\u00e9ticente au processus \u00e9tait finalement masculine : jeunes \u00e9l\u00e8ves de l&rsquo;Ecole, professeur de self-d\u00e9fense&#8230;).\t\t\t\t\t\t\t\t<\/div>\n\t\t\t\t<\/div>\n\t\t\t\t<div class=\"elementor-element elementor-element-0195e2e elementor-widget elementor-widget-text-editor\" data-id=\"0195e2e\" data-element_type=\"widget\" data-e-type=\"widget\" data-widget_type=\"text-editor.default\">\n\t\t\t\t<div class=\"elementor-widget-container\">\n\t\t\t\t\t\t\t\t\tCette exp\u00e9rience est une des plus belles et des plus marquantes pour la compagnie ces derni\u00e8res ann\u00e9es, \u00e0 la fois parce qu&rsquo;elle montrait qu&rsquo;il est possible d&rsquo;animer une s\u00e9ance de th\u00e9\u00e2tre-forum tr\u00e8s intense et tr\u00e8s riche en tr\u00e8s peu de temps, et sans passer par une pi\u00e8ce de th\u00e9\u00e2tre, et d&rsquo;autre part surtout par la qualit\u00e9 des \u00e9changes et des rencontres, et par une vraie sensation d&rsquo;\u00eatre \u00ab\u00a0utile\u00a0\u00bb \u00e0 notre soci\u00e9t\u00e9, en particulier dans la construction de relations plus \u00e9galitaires en son sein, notamment ici bien entendu dans l&rsquo;\u00e9galit\u00e9 femmes-hommes, sur laquelle nous travaillons et sommes engag\u00e9s depuis longtemps. C&rsquo;est une exp\u00e9rience que nous souhaiterions vivement renouveler.\t\t\t\t\t\t\t\t<\/div>\n\t\t\t\t<\/div>\n\t\t\t\t\t<\/div>\n\t\t<\/div>\n\t\t\t\t\t<\/div>\n\t\t<\/section>\n\t\t\t\t<\/div>\n\t\t","protected":false},"excerpt":{"rendered":"<p>Ateliers Historique des Ateliers 6t-th\u00e9\u00e2tre Des Ateliers \u00e0 g\u00e9om\u00e9trie variable A travers les ateliers, les com\u00e9dien-ne-es d\u00e9barquent cette fois-ci pour r\u00e9veiller le c\u00f4t\u00e9 artistique qui repose en chacun et chacune des participant-e-s ! La magie du th\u00e9\u00e2tre op\u00e8re, m\u00eame les personnes les plus timides se prennent au jeu ! On se lib\u00e8re de nos peurs, [&hellip;]<\/p>\n","protected":false},"author":1,"featured_media":0,"parent":0,"menu_order":0,"comment_status":"closed","ping_status":"closed","template":"full-width.php","meta":{"_acf_changed":false,"footnotes":""},"class_list":["post-74","page","type-page","status-publish","hentry"],"acf":[],"_links":{"self":[{"href":"https:\/\/6t-theatre.org\/index.php\/wp-json\/wp\/v2\/pages\/74","targetHints":{"allow":["GET"]}}],"collection":[{"href":"https:\/\/6t-theatre.org\/index.php\/wp-json\/wp\/v2\/pages"}],"about":[{"href":"https:\/\/6t-theatre.org\/index.php\/wp-json\/wp\/v2\/types\/page"}],"author":[{"embeddable":true,"href":"https:\/\/6t-theatre.org\/index.php\/wp-json\/wp\/v2\/users\/1"}],"replies":[{"embeddable":true,"href":"https:\/\/6t-theatre.org\/index.php\/wp-json\/wp\/v2\/comments?post=74"}],"version-history":[{"count":33,"href":"https:\/\/6t-theatre.org\/index.php\/wp-json\/wp\/v2\/pages\/74\/revisions"}],"predecessor-version":[{"id":2166,"href":"https:\/\/6t-theatre.org\/index.php\/wp-json\/wp\/v2\/pages\/74\/revisions\/2166"}],"wp:attachment":[{"href":"https:\/\/6t-theatre.org\/index.php\/wp-json\/wp\/v2\/media?parent=74"}],"curies":[{"name":"wp","href":"https:\/\/api.w.org\/{rel}","templated":true}]}}